{"id":121,"date":"2025-11-10T01:09:19","date_gmt":"2025-11-09T22:09:19","guid":{"rendered":"https:\/\/www.turas.com\/?page_id=121"},"modified":"2025-12-16T10:47:57","modified_gmt":"2025-12-16T07:47:57","slug":"news","status":"publish","type":"page","link":"https:\/\/www.turas.com\/tr\/news\/","title":{"rendered":"Haberler"},"content":{"rendered":"<p><strong>\u0130nsan Kaynaklar\u0131 ve \u0130dari \u0130\u015fler M\u00fcd\u00fcr\u00fc Atamas\u0131;<\/strong><\/p>\n\n\n\n<p>\u015eirketimiz <strong>Tura\u015f Gaz Armat\u00fcrleri San. ve Tic. A.\u015e.<\/strong> b\u00fcnyesinde organizasyonel yap\u0131m\u0131z\u0131n g\u00fc\u00e7lendirilmesi ve i\u015f s\u00fcre\u00e7lerimizin daha etkin y\u00f6netilmesi hedefleri do\u011frultusunda al\u0131nan karar a\u015fa\u011f\u0131da bilgilerinize sunulmu\u015ftur.<\/p>\n\n\n\n<p>\u015eirketimizde &#8220;\u0130nsan Kaynaklar\u0131 ve \u0130dari \u0130\u015fler Y\u00f6neticisi&#8221; olarak g\u00f6rev yapmakta olan <strong>Sn. Gizem T\u00dcRK\u0130\u015e<\/strong>; g\u00f6stermi\u015f oldu\u011fu performans, kurumsal aidiyet ve yetkinlikleri g\u00f6z \u00f6n\u00fcnde bulundurularak, <strong>15.12.2025<\/strong> tarihi itibar\u0131yla <strong>\u0130nsan Kaynaklar\u0131 ve \u0130dari \u0130\u015fler M\u00fcd\u00fcr\u00fc<\/strong> olarak atanm\u0131\u015ft\u0131r.<\/p>\n\n\n\n<p>Sn. Gizem T\u00dcRK\u0130\u015e, yeni g\u00f6revi kapsam\u0131nda \u015firketimizin t\u00fcm \u0130nsan Kaynaklar\u0131 ve \u0130dari \u0130\u015fler s\u00fcre\u00e7lerine liderlik edecek olup, do\u011frudan Genel M\u00fcd\u00fcrl\u00fc\u011fe ba\u011fl\u0131 olarak \u00e7al\u0131\u015fmalar\u0131n\u0131 s\u00fcrd\u00fcrecektir.<\/p>\n\n\n\n<p>Kendisini tebrik eder, yeni unvan\u0131n\u0131n ve \u00fcstlendi\u011fi sorumluluklar\u0131n \u015fahs\u0131na ve \u015firketimize hay\u0131rl\u0131 olmas\u0131n\u0131 dileriz. T\u00fcm \u00e7al\u0131\u015fma arkada\u015flar\u0131m\u0131z\u0131n kendisine gerekli deste\u011fi sa\u011flayaca\u011f\u0131na olan inanc\u0131m\u0131z tamd\u0131r.<\/p>\n\n\n\n<p>Ba\u015far\u0131lar\u0131n\u0131n devam\u0131n\u0131 dileriz.<\/p>","protected":false},"excerpt":{"rendered":"<p>\u0130nsan Kaynaklar\u0131 ve \u0130dari \u0130\u015fler M\u00fcd\u00fcr\u00fc Atamas\u0131; \u015eirketimiz Tura\u015f Gaz Armat\u00fcrleri San. ve Tic. A.\u015e. b\u00fcnyesinde organizasyonel yap\u0131m\u0131z\u0131n g\u00fc\u00e7lendirilmesi ve i\u015f s\u00fcre\u00e7lerimizin daha etkin y\u00f6netilmesi hedefleri do\u011frultusunda al\u0131nan karar a\u015fa\u011f\u0131da bilgilerinize sunulmu\u015ftur. \u015eirketimizde &#8220;\u0130nsan Kaynaklar\u0131 ve \u0130dari \u0130\u015fler Y\u00f6neticisi&#8221; olarak g\u00f6rev yapmakta olan Sn. Gizem T\u00dcRK\u0130\u015e; g\u00f6stermi\u015f oldu\u011fu performans, kurumsal aidiyet ve yetkinlikleri g\u00f6z \u00f6n\u00fcnde [&hellip;]<\/p>","protected":false},"author":1,"featured_media":223,"parent":0,"menu_order":0,"comment_status":"closed","ping_status":"closed","template":"page-blog.php","meta":{"footnotes":""},"class_list":["post-121","page","type-page","status-publish","has-post-thumbnail","hentry"],"yoast_head":"<!-- This site is optimized with the Yoast SEO plugin v26.5 - https:\/\/yoast.com\/wordpress\/plugins\/seo\/ -->\n<title>News - TURA\u015e<\/title>\n<meta name=\"robots\" content=\"index, follow, max-snippet:-1, max-image-preview:large, max-video-preview:-1\" \/>\n<link rel=\"canonical\" href=\"https:\/\/www.turas.com\/tr\/news\/\" \/>\n<meta property=\"og:locale\" content=\"tr_TR\" \/>\n<meta property=\"og:type\" content=\"article\" \/>\n<meta property=\"og:title\" content=\"News - TURA\u015e\" \/>\n<meta property=\"og:description\" content=\"\u0130nsan Kaynaklar\u0131 ve \u0130dari \u0130\u015fler M\u00fcd\u00fcr\u00fc Atamas\u0131; \u015eirketimiz Tura\u015f Gaz Armat\u00fcrleri San. ve Tic. A.\u015e. b\u00fcnyesinde organizasyonel yap\u0131m\u0131z\u0131n g\u00fc\u00e7lendirilmesi ve i\u015f s\u00fcre\u00e7lerimizin daha etkin y\u00f6netilmesi hedefleri do\u011frultusunda al\u0131nan karar a\u015fa\u011f\u0131da bilgilerinize sunulmu\u015ftur. \u015eirketimizde &#8220;\u0130nsan Kaynaklar\u0131 ve \u0130dari \u0130\u015fler Y\u00f6neticisi&#8221; olarak g\u00f6rev yapmakta olan Sn. Gizem T\u00dcRK\u0130\u015e; g\u00f6stermi\u015f oldu\u011fu performans, kurumsal aidiyet ve yetkinlikleri g\u00f6z \u00f6n\u00fcnde [&hellip;]\" \/>\n<meta property=\"og:url\" content=\"https:\/\/www.turas.com\/tr\/news\/\" \/>\n<meta property=\"og:site_name\" content=\"TURA\u015e\" \/>\n<meta property=\"article:publisher\" content=\"https:\/\/www.facebook.com\/turasgas\/\" \/>\n<meta property=\"article:modified_time\" content=\"2025-12-16T07:47:57+00:00\" \/>\n<meta property=\"og:image\" content=\"https:\/\/www.turas.com\/wp-content\/uploads\/2025\/12\/Gizem-Turkis.png\" \/>\n\t<meta property=\"og:image:width\" content=\"1406\" \/>\n\t<meta property=\"og:image:height\" content=\"1757\" \/>\n\t<meta property=\"og:image:type\" content=\"image\/png\" \/>\n<meta name=\"twitter:card\" content=\"summary_large_image\" \/>\n<meta name=\"twitter:site\" content=\"@TurasGas\" \/>\n<meta name=\"twitter:label1\" content=\"Tahmini okuma s\u00fcresi\" \/>\n\t<meta name=\"twitter:data1\" content=\"1 dakika\" \/>\n<script type=\"application\/ld+json\" class=\"yoast-schema-graph\">{\"@context\":\"https:\/\/schema.org\",\"@graph\":[{\"@type\":\"WebPage\",\"@id\":\"https:\/\/www.turas.com\/news\/\",\"url\":\"https:\/\/www.turas.com\/news\/\",\"name\":\"News - TURA\u015e\",\"isPartOf\":{\"@id\":\"https:\/\/www.turas.com\/tr\/#website\"},\"primaryImageOfPage\":{\"@id\":\"https:\/\/www.turas.com\/news\/#primaryimage\"},\"image\":{\"@id\":\"https:\/\/www.turas.com\/news\/#primaryimage\"},\"thumbnailUrl\":\"https:\/\/www.turas.com\/wp-content\/uploads\/2025\/12\/Gizem-Turkis.png\",\"datePublished\":\"2025-11-09T22:09:19+00:00\",\"dateModified\":\"2025-12-16T07:47:57+00:00\",\"breadcrumb\":{\"@id\":\"https:\/\/www.turas.com\/news\/#breadcrumb\"},\"inLanguage\":\"tr\",\"potentialAction\":[{\"@type\":\"ReadAction\",\"target\":[\"https:\/\/www.turas.com\/news\/\"]}]},{\"@type\":\"ImageObject\",\"inLanguage\":\"tr\",\"@id\":\"https:\/\/www.turas.com\/news\/#primaryimage\",\"url\":\"https:\/\/www.turas.com\/wp-content\/uploads\/2025\/12\/Gizem-Turkis.png\",\"contentUrl\":\"https:\/\/www.turas.com\/wp-content\/uploads\/2025\/12\/Gizem-Turkis.png\",\"width\":1406,\"height\":1757},{\"@type\":\"BreadcrumbList\",\"@id\":\"https:\/\/www.turas.com\/news\/#breadcrumb\",\"itemListElement\":[{\"@type\":\"ListItem\",\"position\":1,\"name\":\"Anasayfa\",\"item\":\"https:\/\/www.turas.com\/\"},{\"@type\":\"ListItem\",\"position\":2,\"name\":\"News\"}]},{\"@type\":\"WebSite\",\"@id\":\"https:\/\/www.turas.com\/tr\/#website\",\"url\":\"https:\/\/www.turas.com\/tr\/\",\"name\":\"TURA\u015e\",\"description\":\"\",\"potentialAction\":[{\"@type\":\"SearchAction\",\"target\":{\"@type\":\"EntryPoint\",\"urlTemplate\":\"https:\/\/www.turas.com\/tr\/?s={search_term_string}\"},\"query-input\":{\"@type\":\"PropertyValueSpecification\",\"valueRequired\":true,\"valueName\":\"search_term_string\"}}],\"inLanguage\":\"tr\"}]}<\/script>\n<!-- \/ Yoast SEO plugin. -->","yoast_head_json":{"title":"News - TURA\u015e","robots":{"index":"index","follow":"follow","max-snippet":"max-snippet:-1","max-image-preview":"max-image-preview:large","max-video-preview":"max-video-preview:-1"},"canonical":"https:\/\/www.turas.com\/tr\/news\/","og_locale":"tr_TR","og_type":"article","og_title":"News - TURA\u015e","og_description":"\u0130nsan Kaynaklar\u0131 ve \u0130dari \u0130\u015fler M\u00fcd\u00fcr\u00fc Atamas\u0131; \u015eirketimiz Tura\u015f Gaz Armat\u00fcrleri San. ve Tic. A.\u015e. b\u00fcnyesinde organizasyonel yap\u0131m\u0131z\u0131n g\u00fc\u00e7lendirilmesi ve i\u015f s\u00fcre\u00e7lerimizin daha etkin y\u00f6netilmesi hedefleri do\u011frultusunda al\u0131nan karar a\u015fa\u011f\u0131da bilgilerinize sunulmu\u015ftur. \u015eirketimizde &#8220;\u0130nsan Kaynaklar\u0131 ve \u0130dari \u0130\u015fler Y\u00f6neticisi&#8221; olarak g\u00f6rev yapmakta olan Sn. Gizem T\u00dcRK\u0130\u015e; g\u00f6stermi\u015f oldu\u011fu performans, kurumsal aidiyet ve yetkinlikleri g\u00f6z \u00f6n\u00fcnde [&hellip;]","og_url":"https:\/\/www.turas.com\/tr\/news\/","og_site_name":"TURA\u015e","article_publisher":"https:\/\/www.facebook.com\/turasgas\/","article_modified_time":"2025-12-16T07:47:57+00:00","og_image":[{"width":1406,"height":1757,"url":"https:\/\/www.turas.com\/wp-content\/uploads\/2025\/12\/Gizem-Turkis.png","type":"image\/png"}],"twitter_card":"summary_large_image","twitter_site":"@TurasGas","twitter_misc":{"Tahmini okuma s\u00fcresi":"1 dakika"},"schema":{"@context":"https:\/\/schema.org","@graph":[{"@type":"WebPage","@id":"https:\/\/www.turas.com\/news\/","url":"https:\/\/www.turas.com\/news\/","name":"News - TURA\u015e","isPartOf":{"@id":"https:\/\/www.turas.com\/tr\/#website"},"primaryImageOfPage":{"@id":"https:\/\/www.turas.com\/news\/#primaryimage"},"image":{"@id":"https:\/\/www.turas.com\/news\/#primaryimage"},"thumbnailUrl":"https:\/\/www.turas.com\/wp-content\/uploads\/2025\/12\/Gizem-Turkis.png","datePublished":"2025-11-09T22:09:19+00:00","dateModified":"2025-12-16T07:47:57+00:00","breadcrumb":{"@id":"https:\/\/www.turas.com\/news\/#breadcrumb"},"inLanguage":"tr","potentialAction":[{"@type":"ReadAction","target":["https:\/\/www.turas.com\/news\/"]}]},{"@type":"ImageObject","inLanguage":"tr","@id":"https:\/\/www.turas.com\/news\/#primaryimage","url":"https:\/\/www.turas.com\/wp-content\/uploads\/2025\/12\/Gizem-Turkis.png","contentUrl":"https:\/\/www.turas.com\/wp-content\/uploads\/2025\/12\/Gizem-Turkis.png","width":1406,"height":1757},{"@type":"BreadcrumbList","@id":"https:\/\/www.turas.com\/news\/#breadcrumb","itemListElement":[{"@type":"ListItem","position":1,"name":"Anasayfa","item":"https:\/\/www.turas.com\/"},{"@type":"ListItem","position":2,"name":"News"}]},{"@type":"WebSite","@id":"https:\/\/www.turas.com\/tr\/#website","url":"https:\/\/www.turas.com\/tr\/","name":"TURA\u015e","description":"","potentialAction":[{"@type":"SearchAction","target":{"@type":"EntryPoint","urlTemplate":"https:\/\/www.turas.com\/tr\/?s={search_term_string}"},"query-input":{"@type":"PropertyValueSpecification","valueRequired":true,"valueName":"search_term_string"}}],"inLanguage":"tr"}]}},"_links":{"self":[{"href":"https:\/\/www.turas.com\/tr\/wp-json\/wp\/v2\/pages\/121","targetHints":{"allow":["GET"]}}],"collection":[{"href":"https:\/\/www.turas.com\/tr\/wp-json\/wp\/v2\/pages"}],"about":[{"href":"https:\/\/www.turas.com\/tr\/wp-json\/wp\/v2\/types\/page"}],"author":[{"embeddable":true,"href":"https:\/\/www.turas.com\/tr\/wp-json\/wp\/v2\/users\/1"}],"replies":[{"embeddable":true,"href":"https:\/\/www.turas.com\/tr\/wp-json\/wp\/v2\/comments?post=121"}],"version-history":[{"count":4,"href":"https:\/\/www.turas.com\/tr\/wp-json\/wp\/v2\/pages\/121\/revisions"}],"predecessor-version":[{"id":227,"href":"https:\/\/www.turas.com\/tr\/wp-json\/wp\/v2\/pages\/121\/revisions\/227"}],"wp:featuredmedia":[{"embeddable":true,"href":"https:\/\/www.turas.com\/tr\/wp-json\/wp\/v2\/media\/223"}],"wp:attachment":[{"href":"https:\/\/www.turas.com\/tr\/wp-json\/wp\/v2\/media?parent=121"}],"curies":[{"name":"wp","href":"https:\/\/api.w.org\/{rel}","templated":true}]}}