{"id":3,"date":"2025-10-25T20:59:11","date_gmt":"2025-10-25T20:59:11","guid":{"rendered":"https:\/\/www.turas.com\/?page_id=3"},"modified":"2025-11-10T02:05:44","modified_gmt":"2025-11-09T23:05:44","slug":"privacy-policy","status":"publish","type":"page","link":"https:\/\/www.turas.com\/tr\/privacy-policy\/","title":{"rendered":"Tura\u015f Gizlilik Politikas\u0131"},"content":{"rendered":"<div class=\"policy__top\">\n          <h1 class=\"policy__title\">Tura\u015f Gizlilik Politikas\u0131<\/h1>\n          <h2 class=\"policy__sub-title\">Terms of Use and <br>Cookie Policy<\/h2>\n          <div class=\"policy__description\"><a href=\"\/tr\/privacy-policy\/\">\u00c7erez politikas\u0131<\/a>n\u0131 okudum ve kabul ediyorum, Tura\u015f ve markalar\u0131na ait \u00fcr\u00fcnler ve son geli\u015fmeler hakk\u0131nda bilgilendirilmeyi kabul ediyorum.<\/div>\n        <\/div>\n        <div class=\"policy__content\">\n          <h3 class=\"policy__content-title\">1. Cookie Policy<\/h3>\n          <div class=\"policy__content-sub-title\">What are Cookies?<\/div>\n          <div class=\"policy__content-article\"><span class=\"numbers__content-text animate-numbers-content-text-1\">Y\u00fcksek \u00fcretim kapasitemiz ve <\/span>\n<br \/><span class=\"numbers__content-text animate-numbers-content-text-2\">\u00fcr\u00fcn yelpazemiz ile k\u00fcresel pazar\u0131n<\/span>\n<br \/><span class=\"numbers__content-text animate-numbers-content-text-3\"> \u00f6nde gelen \u00fcreticilerinden biriyiz.<\/span><\/div>\n          <div class=\"policy__content-sub-title\">Why Do We Use Cookies?<\/div>\n          <div class=\"policy__content-article\">Our website uses cookies for the following purposes:<\/div>\n          <div class=\"policy__content-list\">\n            <li><b>Functionality:<\/b> \u00dcretim hatt\u0131ndan \u00e7\u0131kan her \u00fcr\u00fcn, en geli\u015fmi\u015f test cihazlar\u0131yla 0 s\u0131zd\u0131rmazl\u0131k testinden ge\u00e7irilir; mutfaklar\u0131n\u0131zda maksimum g\u00fcvenli\u011fi garanti eder. <br><p>&nbsp;<\/p><\/li>\n            <li><b>Performance and Analytics:<\/b> <a href=\"\/tr\/privacy-policy\/\">\u00c7erez politikas\u0131<\/a>n\u0131 okudum ve kabul ediyorum, Tura\u015f ve markalar\u0131na ait \u00fcr\u00fcnler ve son geli\u015fmeler hakk\u0131nda bilgilendirilmeyi kabul ediyorum.<\/li>\n            <li><b>Personalization:<\/b> Tura\u015f \u00dcretim Sistemi (TPS) kapsam\u0131nda, t\u00fcm \u00e7al\u0131\u015fanlar\u0131m\u0131z\u0131n kat\u0131l\u0131m\u0131yla s\u00fcre\u00e7lerimizi s\u00fcrekli olarak g\u00f6zden ge\u00e7iriyor ve m\u00fckemmele ula\u015fmak i\u00e7in durmaks\u0131z\u0131n geli\u015ftiriyoruz.<\/li>\n          <\/div>\n          <div class=\"policy__content-sub-title\">How to Control Cookies?<\/div>\n          <div class=\"policy__content-article\">Tura\u015f, kurucumuz Ahmet Turhan\u2019\u0131n d\u00fcr\u00fcstl\u00fck, \u00e7al\u0131\u015fkanl\u0131k ve yenilik\u00e7ilik ilkeleri \u00fczerine in\u015fa edilmi\u015ftir. \u0130\u015f hayat\u0131nda edindi\u011fi deneyim ve sars\u0131lmaz kararl\u0131l\u0131\u011f\u0131yla k\u00fc\u00e7\u00fck bir at\u00f6lyeyi k\u00fcresel bir markaya d\u00f6n\u00fc\u015ft\u00fcrm\u00fc\u015ft\u00fcr. \u201cParan\u0131n de\u011fil, hayallerin pe\u015finden ko\u015f\u201d anlay\u0131\u015f\u0131, bug\u00fcn h\u00e2l\u00e2 kurum k\u00fclt\u00fcr\u00fcm\u00fcz\u00fc \u015fekillendirmekte ve 400 ki\u015filik ekibimize ilham vermektedir.<\/div>\n          <hr>\n          <h3 class=\"policy__content-title\">2. Terms of Use<\/h3>\n          <div class=\"policy__content-sub-title\">Intellectual Property Rights<\/div>\n          <div class=\"policy__content-article\">Tura\u015f\u2019ta kalite, nihai \u00fcr\u00fcn\u00fc denetlemekle ba\u015flayan bir s\u00fcre\u00e7 de\u011fil; t\u00fcm faaliyetlerimizin \u00fczerine in\u015fa edildi\u011fi bir y\u00f6netim felsefesidir.\n1980 y\u0131l\u0131ndan bu yana benimsedi\u011fimiz bu yakla\u015f\u0131mla, tasar\u0131mdan \u00fcretime, \u00e7al\u0131\u015fanlar\u0131m\u0131z\u0131n refah\u0131ndan \u00e7evresel etkilerimize kadar her alanda \u201cs\u0131f\u0131r hata\u201d ve \u201cs\u00fcrekli iyile\u015ftirme\u201d ilkeleriyle hareket ediyoruz.\nBizim i\u00e7in kalite, m\u00fc\u015fterilerimize, i\u015f ortaklar\u0131m\u0131za ve d\u00fcnyam\u0131za kar\u015f\u0131 en b\u00fcy\u00fck sorumlulu\u011fumuzdur.<\/div>\n          <div class=\"policy__content-sub-title\">Disclaimer and Warranty<\/div>\n          <div class=\"policy__content-article\">Tura\u015f\u2019ta kalite, nihai \u00fcr\u00fcn\u00fc denetlemekle ba\u015flayan bir s\u00fcre\u00e7 de\u011fil; t\u00fcm faaliyetlerimizin \u00fczerine in\u015fa edildi\u011fi bir y\u00f6netim felsefesidir.\n1980 y\u0131l\u0131ndan bu yana benimsedi\u011fimiz bu yakla\u015f\u0131mla, tasar\u0131mdan \u00fcretime, \u00e7al\u0131\u015fanlar\u0131m\u0131z\u0131n refah\u0131ndan \u00e7evresel etkilerimize kadar her alanda \u201cs\u0131f\u0131r hata\u201d ve \u201cs\u00fcrekli iyile\u015ftirme\u201d ilkeleriyle hareket ediyoruz.\nBizim i\u00e7in kalite, m\u00fc\u015fterilerimize, i\u015f ortaklar\u0131m\u0131za ve d\u00fcnyam\u0131za kar\u015f\u0131 en b\u00fcy\u00fck sorumlulu\u011fumuzdur.<\/div>\n          <div class=\"policy__content-sub-title\">User Responsibilities<\/div>\n          <div class=\"policy__content-article\">Tura\u015f\u2019ta kalite, nihai \u00fcr\u00fcn\u00fc denetlemekle ba\u015flayan bir s\u00fcre\u00e7 de\u011fil; t\u00fcm faaliyetlerimizin \u00fczerine in\u015fa edildi\u011fi bir y\u00f6netim felsefesidir.\n1980 y\u0131l\u0131ndan bu yana benimsedi\u011fimiz bu yakla\u015f\u0131mla, tasar\u0131mdan \u00fcretime, \u00e7al\u0131\u015fanlar\u0131m\u0131z\u0131n refah\u0131ndan \u00e7evresel etkilerimize kadar her alanda \u201cs\u0131f\u0131r hata\u201d ve \u201cs\u00fcrekli iyile\u015ftirme\u201d ilkeleriyle hareket ediyoruz.\nBizim i\u00e7in kalite, m\u00fc\u015fterilerimize, i\u015f ortaklar\u0131m\u0131za ve d\u00fcnyam\u0131za kar\u015f\u0131 en b\u00fcy\u00fck sorumlulu\u011fumuzdur.<\/div>\n          <div class=\"policy__content-sub-title\">Links<\/div>\n          <div class=\"policy__content-article\">Tura\u015f\u2019ta kalite, nihai \u00fcr\u00fcn\u00fc denetlemekle ba\u015flayan bir s\u00fcre\u00e7 de\u011fil; t\u00fcm faaliyetlerimizin \u00fczerine in\u015fa edildi\u011fi bir y\u00f6netim felsefesidir.\n1980 y\u0131l\u0131ndan bu yana benimsedi\u011fimiz bu yakla\u015f\u0131mla, tasar\u0131mdan \u00fcretime, \u00e7al\u0131\u015fanlar\u0131m\u0131z\u0131n refah\u0131ndan \u00e7evresel etkilerimize kadar her alanda \u201cs\u0131f\u0131r hata\u201d ve \u201cs\u00fcrekli iyile\u015ftirme\u201d ilkeleriyle hareket ediyoruz.\nBizim i\u00e7in kalite, m\u00fc\u015fterilerimize, i\u015f ortaklar\u0131m\u0131za ve d\u00fcnyam\u0131za kar\u015f\u0131 en b\u00fcy\u00fck sorumlulu\u011fumuzdur.<\/div>\n          <div class=\"policy__content-sub-title\">Changes to the Terms<\/div>\n          <div class=\"policy__content-article\"><a href=\"\/tr\/privacy-policy\/\">\u00c7erez politikas\u0131<\/a>n\u0131 okudum ve kabul ediyorum, Tura\u015f ve markalar\u0131na ait \u00fcr\u00fcnler ve son geli\u015fmeler hakk\u0131nda bilgilendirilmeyi kabul ediyorum.<\/div>\n        <\/div>","protected":false},"excerpt":{"rendered":"<p>Tura\u015f Policies Terms of Use and Cookie Policy This document outlines the cookie policy and terms of use for visitors to the website of Tura\u015f Gaz Armat\u00fcrleri San. ve Tic. A.\u015e. (&#8220;Tura\u015f&#8221;). By using our website, you agree to these terms. 1. Cookie Policy What are Cookies? Cookies are small text files that are stored [&hellip;]<\/p>","protected":false},"author":1,"featured_media":0,"parent":0,"menu_order":0,"comment_status":"closed","ping_status":"open","template":"page-policy.php","meta":{"footnotes":""},"class_list":["post-3","page","type-page","status-publish","hentry"],"yoast_head":"<!-- This site is optimized with the Yoast SEO plugin v26.5 - https:\/\/yoast.com\/wordpress\/plugins\/seo\/ -->\n<title>Tura\u015f Policies - TURA\u015e<\/title>\n<meta name=\"robots\" content=\"index, follow, max-snippet:-1, max-image-preview:large, max-video-preview:-1\" \/>\n<link rel=\"canonical\" href=\"https:\/\/www.turas.com\/tr\/privacy-policy\/\" \/>\n<meta property=\"og:locale\" content=\"tr_TR\" \/>\n<meta property=\"og:type\" content=\"article\" \/>\n<meta property=\"og:title\" content=\"Tura\u015f Policies - TURA\u015e\" \/>\n<meta property=\"og:description\" content=\"Tura\u015f Policies Terms of Use and Cookie Policy This document outlines the cookie policy and terms of use for visitors to the website of Tura\u015f Gaz Armat\u00fcrleri San. ve Tic. A.\u015e. (&#8220;Tura\u015f&#8221;). By using our website, you agree to these terms. 1. Cookie Policy What are Cookies? Cookies are small text files that are stored [&hellip;]\" \/>\n<meta property=\"og:url\" content=\"https:\/\/www.turas.com\/tr\/privacy-policy\/\" \/>\n<meta property=\"og:site_name\" content=\"TURA\u015e\" \/>\n<meta property=\"article:publisher\" content=\"https:\/\/www.facebook.com\/turasgas\/\" \/>\n<meta property=\"article:modified_time\" content=\"2025-11-09T23:05:44+00:00\" \/>\n<meta name=\"twitter:card\" content=\"summary_large_image\" \/>\n<meta name=\"twitter:site\" content=\"@TurasGas\" \/>\n<meta name=\"twitter:label1\" content=\"Tahmini okuma s\u00fcresi\" \/>\n\t<meta name=\"twitter:data1\" content=\"2 dakika\" \/>\n<script type=\"application\/ld+json\" class=\"yoast-schema-graph\">{\"@context\":\"https:\/\/schema.org\",\"@graph\":[{\"@type\":\"WebPage\",\"@id\":\"https:\/\/www.turas.com\/tr\/privacy-policy\/\",\"url\":\"https:\/\/www.turas.com\/tr\/privacy-policy\/\",\"name\":\"Tura\u015f Policies - TURA\u015e\",\"isPartOf\":{\"@id\":\"https:\/\/www.turas.com\/tr\/#website\"},\"datePublished\":\"2025-10-25T20:59:11+00:00\",\"dateModified\":\"2025-11-09T23:05:44+00:00\",\"breadcrumb\":{\"@id\":\"https:\/\/www.turas.com\/tr\/privacy-policy\/#breadcrumb\"},\"inLanguage\":\"tr\",\"potentialAction\":[{\"@type\":\"ReadAction\",\"target\":[\"https:\/\/www.turas.com\/tr\/privacy-policy\/\"]}]},{\"@type\":\"BreadcrumbList\",\"@id\":\"https:\/\/www.turas.com\/tr\/privacy-policy\/#breadcrumb\",\"itemListElement\":[{\"@type\":\"ListItem\",\"position\":1,\"name\":\"Anasayfa\",\"item\":\"https:\/\/www.turas.com\/\"},{\"@type\":\"ListItem\",\"position\":2,\"name\":\"Tura\u015f Policies\"}]},{\"@type\":\"WebSite\",\"@id\":\"https:\/\/www.turas.com\/tr\/#website\",\"url\":\"https:\/\/www.turas.com\/tr\/\",\"name\":\"TURA\u015e\",\"description\":\"\",\"potentialAction\":[{\"@type\":\"SearchAction\",\"target\":{\"@type\":\"EntryPoint\",\"urlTemplate\":\"https:\/\/www.turas.com\/tr\/?s={search_term_string}\"},\"query-input\":{\"@type\":\"PropertyValueSpecification\",\"valueRequired\":true,\"valueName\":\"search_term_string\"}}],\"inLanguage\":\"tr\"}]}<\/script>\n<!-- \/ Yoast SEO plugin. -->","yoast_head_json":{"title":"Tura\u015f Policies - TURA\u015e","robots":{"index":"index","follow":"follow","max-snippet":"max-snippet:-1","max-image-preview":"max-image-preview:large","max-video-preview":"max-video-preview:-1"},"canonical":"https:\/\/www.turas.com\/tr\/privacy-policy\/","og_locale":"tr_TR","og_type":"article","og_title":"Tura\u015f Policies - TURA\u015e","og_description":"Tura\u015f Policies Terms of Use and Cookie Policy This document outlines the cookie policy and terms of use for visitors to the website of Tura\u015f Gaz Armat\u00fcrleri San. ve Tic. A.\u015e. (&#8220;Tura\u015f&#8221;). By using our website, you agree to these terms. 1. Cookie Policy What are Cookies? Cookies are small text files that are stored [&hellip;]","og_url":"https:\/\/www.turas.com\/tr\/privacy-policy\/","og_site_name":"TURA\u015e","article_publisher":"https:\/\/www.facebook.com\/turasgas\/","article_modified_time":"2025-11-09T23:05:44+00:00","twitter_card":"summary_large_image","twitter_site":"@TurasGas","twitter_misc":{"Tahmini okuma s\u00fcresi":"2 dakika"},"schema":{"@context":"https:\/\/schema.org","@graph":[{"@type":"WebPage","@id":"https:\/\/www.turas.com\/tr\/privacy-policy\/","url":"https:\/\/www.turas.com\/tr\/privacy-policy\/","name":"Tura\u015f Policies - TURA\u015e","isPartOf":{"@id":"https:\/\/www.turas.com\/tr\/#website"},"datePublished":"2025-10-25T20:59:11+00:00","dateModified":"2025-11-09T23:05:44+00:00","breadcrumb":{"@id":"https:\/\/www.turas.com\/tr\/privacy-policy\/#breadcrumb"},"inLanguage":"tr","potentialAction":[{"@type":"ReadAction","target":["https:\/\/www.turas.com\/tr\/privacy-policy\/"]}]},{"@type":"BreadcrumbList","@id":"https:\/\/www.turas.com\/tr\/privacy-policy\/#breadcrumb","itemListElement":[{"@type":"ListItem","position":1,"name":"Anasayfa","item":"https:\/\/www.turas.com\/"},{"@type":"ListItem","position":2,"name":"Tura\u015f Policies"}]},{"@type":"WebSite","@id":"https:\/\/www.turas.com\/tr\/#website","url":"https:\/\/www.turas.com\/tr\/","name":"TURA\u015e","description":"","potentialAction":[{"@type":"SearchAction","target":{"@type":"EntryPoint","urlTemplate":"https:\/\/www.turas.com\/tr\/?s={search_term_string}"},"query-input":{"@type":"PropertyValueSpecification","valueRequired":true,"valueName":"search_term_string"}}],"inLanguage":"tr"}]}},"_links":{"self":[{"href":"https:\/\/www.turas.com\/tr\/wp-json\/wp\/v2\/pages\/3","targetHints":{"allow":["GET"]}}],"collection":[{"href":"https:\/\/www.turas.com\/tr\/wp-json\/wp\/v2\/pages"}],"about":[{"href":"https:\/\/www.turas.com\/tr\/wp-json\/wp\/v2\/types\/page"}],"author":[{"embeddable":true,"href":"https:\/\/www.turas.com\/tr\/wp-json\/wp\/v2\/users\/1"}],"replies":[{"embeddable":true,"href":"https:\/\/www.turas.com\/tr\/wp-json\/wp\/v2\/comments?post=3"}],"version-history":[{"count":10,"href":"https:\/\/www.turas.com\/tr\/wp-json\/wp\/v2\/pages\/3\/revisions"}],"predecessor-version":[{"id":129,"href":"https:\/\/www.turas.com\/tr\/wp-json\/wp\/v2\/pages\/3\/revisions\/129"}],"wp:attachment":[{"href":"https:\/\/www.turas.com\/tr\/wp-json\/wp\/v2\/media?parent=3"}],"curies":[{"name":"wp","href":"https:\/\/api.w.org\/{rel}","templated":true}]}}